{"id":201,"date":"2020-04-16T13:25:58","date_gmt":"2020-04-16T17:25:58","guid":{"rendered":"https:\/\/www.pbycapital.com\/?page_id=201"},"modified":"2025-04-21T16:53:33","modified_gmt":"2025-04-21T20:53:33","slug":"maison","status":"publish","type":"page","link":"https:\/\/www.pbycapital.com\/fr\/","title":{"rendered":"Page d&#8217;accueil"},"content":{"rendered":"\r\n<p class=\"p1\">Nous offrons \u00e0 nos clients, un acc\u00e8s aux strat\u00e9gies d\u2019investissements les plus robustes qui soient.<\/p>\r\n","protected":false},"excerpt":{"rendered":"<p>Nous offrons \u00e0 nos clients, un acc\u00e8s aux strat\u00e9gies d\u2019investissements les plus robustes qui soient.<\/p>\n","protected":false},"author":2,"featured_media":0,"parent":0,"menu_order":0,"comment_status":"closed","ping_status":"closed","template":"views\/template-home.php","meta":{"inline_featured_image":false},"acf":[],"yoast_head":"<!-- This site is optimized with the Yoast SEO Premium plugin v16.2 (Yoast SEO v19.4) - https:\/\/yoast.com\/wordpress\/plugins\/seo\/ -->\n<title>Page d&#039;accueil | Capital PBY<\/title>\n<meta name=\"robots\" content=\"index, follow, max-snippet:-1, max-image-preview:large, max-video-preview:-1\" \/>\n<link rel=\"canonical\" href=\"https:\/\/www.pbycapital.com\/fr\/\" \/>\n<meta property=\"og:locale\" content=\"fr_FR\" \/>\n<meta property=\"og:type\" content=\"article\" \/>\n<meta property=\"og:title\" content=\"Page d&#039;accueil | Capital PBY\" \/>\n<meta property=\"og:description\" content=\"Nous offrons \u00e0 nos clients, un acc\u00e8s aux strat\u00e9gies d\u2019investissements les plus robustes qui soient.\" \/>\n<meta property=\"og:url\" content=\"https:\/\/www.pbycapital.com\/fr\/\" \/>\n<meta property=\"og:site_name\" content=\"Capital PBY\" \/>\n<meta property=\"article:modified_time\" content=\"2025-04-21T20:53:33+00:00\" \/>\n<meta name=\"twitter:card\" content=\"summary_large_image\" \/>\n<script type=\"application\/ld+json\" class=\"yoast-schema-graph\">{\"@context\":\"https:\/\/schema.org\",\"@graph\":[{\"@type\":\"Organization\",\"@id\":\"https:\/\/www.pbycapital.com\/#organization\",\"name\":\"PBY Capital\",\"url\":\"https:\/\/www.pbycapital.com\/\",\"sameAs\":[],\"logo\":{\"@type\":\"ImageObject\",\"inLanguage\":\"fr-FR\",\"@id\":\"https:\/\/www.pbycapital.com\/#\/schema\/logo\/image\/\",\"url\":\"https:\/\/www.pbycapital.com\/app\/uploads\/2020\/11\/pby-logo-dark.png\",\"contentUrl\":\"https:\/\/www.pbycapital.com\/app\/uploads\/2020\/11\/pby-logo-dark.png\",\"width\":1042,\"height\":418,\"caption\":\"PBY Capital\"},\"image\":{\"@id\":\"https:\/\/www.pbycapital.com\/#\/schema\/logo\/image\/\"}},{\"@type\":\"WebSite\",\"@id\":\"https:\/\/www.pbycapital.com\/#website\",\"url\":\"https:\/\/www.pbycapital.com\/\",\"name\":\"Capital PBY\",\"description\":\"\",\"publisher\":{\"@id\":\"https:\/\/www.pbycapital.com\/#organization\"},\"potentialAction\":[{\"@type\":\"SearchAction\",\"target\":{\"@type\":\"EntryPoint\",\"urlTemplate\":\"https:\/\/www.pbycapital.com\/?s={search_term_string}\"},\"query-input\":\"required name=search_term_string\"}],\"inLanguage\":\"fr-FR\"},{\"@type\":\"WebPage\",\"@id\":\"https:\/\/www.pbycapital.com\/fr\/\",\"url\":\"https:\/\/www.pbycapital.com\/fr\/\",\"name\":\"Page d'accueil | Capital PBY\",\"isPartOf\":{\"@id\":\"https:\/\/www.pbycapital.com\/#website\"},\"datePublished\":\"2020-04-16T17:25:58+00:00\",\"dateModified\":\"2025-04-21T20:53:33+00:00\",\"breadcrumb\":{\"@id\":\"https:\/\/www.pbycapital.com\/fr\/#breadcrumb\"},\"inLanguage\":\"fr-FR\",\"potentialAction\":[{\"@type\":\"ReadAction\",\"target\":[\"https:\/\/www.pbycapital.com\/fr\/\"]}]},{\"@type\":\"BreadcrumbList\",\"@id\":\"https:\/\/www.pbycapital.com\/fr\/#breadcrumb\",\"itemListElement\":[{\"@type\":\"ListItem\",\"position\":1,\"name\":\"Home\",\"item\":\"https:\/\/www.pbycapital.com\/fr\/\"},{\"@type\":\"ListItem\",\"position\":2,\"name\":\"Page d&#8217;accueil\"}]}]}<\/script>\n<!-- \/ Yoast SEO Premium plugin. -->","yoast_head_json":{"title":"Page d'accueil | Capital PBY","robots":{"index":"index","follow":"follow","max-snippet":"max-snippet:-1","max-image-preview":"max-image-preview:large","max-video-preview":"max-video-preview:-1"},"canonical":"https:\/\/www.pbycapital.com\/fr\/","og_locale":"fr_FR","og_type":"article","og_title":"Page d'accueil | Capital PBY","og_description":"Nous offrons \u00e0 nos clients, un acc\u00e8s aux strat\u00e9gies d\u2019investissements les plus robustes qui soient.","og_url":"https:\/\/www.pbycapital.com\/fr\/","og_site_name":"Capital PBY","article_modified_time":"2025-04-21T20:53:33+00:00","twitter_card":"summary_large_image","schema":{"@context":"https:\/\/schema.org","@graph":[{"@type":"Organization","@id":"https:\/\/www.pbycapital.com\/#organization","name":"PBY Capital","url":"https:\/\/www.pbycapital.com\/","sameAs":[],"logo":{"@type":"ImageObject","inLanguage":"fr-FR","@id":"https:\/\/www.pbycapital.com\/#\/schema\/logo\/image\/","url":"https:\/\/www.pbycapital.com\/app\/uploads\/2020\/11\/pby-logo-dark.png","contentUrl":"https:\/\/www.pbycapital.com\/app\/uploads\/2020\/11\/pby-logo-dark.png","width":1042,"height":418,"caption":"PBY Capital"},"image":{"@id":"https:\/\/www.pbycapital.com\/#\/schema\/logo\/image\/"}},{"@type":"WebSite","@id":"https:\/\/www.pbycapital.com\/#website","url":"https:\/\/www.pbycapital.com\/","name":"Capital PBY","description":"","publisher":{"@id":"https:\/\/www.pbycapital.com\/#organization"},"potentialAction":[{"@type":"SearchAction","target":{"@type":"EntryPoint","urlTemplate":"https:\/\/www.pbycapital.com\/?s={search_term_string}"},"query-input":"required name=search_term_string"}],"inLanguage":"fr-FR"},{"@type":"WebPage","@id":"https:\/\/www.pbycapital.com\/fr\/","url":"https:\/\/www.pbycapital.com\/fr\/","name":"Page d'accueil | Capital PBY","isPartOf":{"@id":"https:\/\/www.pbycapital.com\/#website"},"datePublished":"2020-04-16T17:25:58+00:00","dateModified":"2025-04-21T20:53:33+00:00","breadcrumb":{"@id":"https:\/\/www.pbycapital.com\/fr\/#breadcrumb"},"inLanguage":"fr-FR","potentialAction":[{"@type":"ReadAction","target":["https:\/\/www.pbycapital.com\/fr\/"]}]},{"@type":"BreadcrumbList","@id":"https:\/\/www.pbycapital.com\/fr\/#breadcrumb","itemListElement":[{"@type":"ListItem","position":1,"name":"Home","item":"https:\/\/www.pbycapital.com\/fr\/"},{"@type":"ListItem","position":2,"name":"Page d&#8217;accueil"}]}]}},"_links":{"self":[{"href":"https:\/\/www.pbycapital.com\/fr\/wp-json\/wp\/v2\/pages\/201"}],"collection":[{"href":"https:\/\/www.pbycapital.com\/fr\/wp-json\/wp\/v2\/pages"}],"about":[{"href":"https:\/\/www.pbycapital.com\/fr\/wp-json\/wp\/v2\/types\/page"}],"author":[{"embeddable":true,"href":"https:\/\/www.pbycapital.com\/fr\/wp-json\/wp\/v2\/users\/2"}],"replies":[{"embeddable":true,"href":"https:\/\/www.pbycapital.com\/fr\/wp-json\/wp\/v2\/comments?post=201"}],"version-history":[{"count":11,"href":"https:\/\/www.pbycapital.com\/fr\/wp-json\/wp\/v2\/pages\/201\/revisions"}],"predecessor-version":[{"id":3821,"href":"https:\/\/www.pbycapital.com\/fr\/wp-json\/wp\/v2\/pages\/201\/revisions\/3821"}],"wp:attachment":[{"href":"https:\/\/www.pbycapital.com\/fr\/wp-json\/wp\/v2\/media?parent=201"}],"curies":[{"name":"wp","href":"https:\/\/api.w.org\/{rel}","templated":true}]}}